{"id":30834,"date":"2020-12-09T14:30:50","date_gmt":"2020-12-09T13:30:50","guid":{"rendered":"https:\/\/clement-technique-sa.ch\/livraisons\/"},"modified":"2022-06-25T10:37:35","modified_gmt":"2022-06-25T08:37:35","slug":"livraisons","status":"publish","type":"page","link":"https:\/\/clement-technique-sa.ch\/fr\/livraisons\/","title":{"rendered":"Livraisons"},"content":{"rendered":"\t\t<div data-elementor-type=\"wp-page\" data-elementor-id=\"30834\" class=\"elementor elementor-30834 elementor-29371\" data-elementor-post-type=\"page\">\n\t\t\t\t\t\t<section class=\"elementor-section elementor-top-section elementor-element elementor-element-3c302d8 elementor-section-full_width elementor-section-height-min-height animated-slow elementor-section-height-default elementor-section-items-middle elementor-invisible\" data-id=\"3c302d8\" data-element_type=\"section\" data-e-type=\"section\" data-settings=\"{&quot;background_background&quot;:&quot;classic&quot;,&quot;animation&quot;:&quot;fadeIn&quot;}\">\n\t\t\t\t\t\t<div class=\"elementor-container elementor-column-gap-default\">\n\t\t\t\t\t<div class=\"elementor-column elementor-col-100 elementor-top-column elementor-element elementor-element-5c33053\" data-id=\"5c33053\" data-element_type=\"column\" data-e-type=\"column\">\n\t\t\t<div class=\"elementor-widget-wrap elementor-element-populated\">\n\t\t\t\t\t\t<div class=\"elementor-element elementor-element-b3638d4 elementor-widget elementor-widget-heading\" data-id=\"b3638d4\" data-element_type=\"widget\" data-e-type=\"widget\" data-widget_type=\"heading.default\">\n\t\t\t\t<div class=\"elementor-widget-container\">\n\t\t\t\t\t<div class=\"elementor-heading-title elementor-size-default\">Derni\u00e8res livraisons<\/div>\t\t\t\t<\/div>\n\t\t\t\t<\/div>\n\t\t\t\t\t<\/div>\n\t\t<\/div>\n\t\t\t\t\t<\/div>\n\t\t<\/section>\n\t\t\t\t<section class=\"elementor-section elementor-top-section elementor-element elementor-element-b3ec585 animated-slow elementor-section-boxed elementor-section-height-default elementor-section-height-default elementor-invisible\" data-id=\"b3ec585\" data-element_type=\"section\" data-e-type=\"section\" data-settings=\"{&quot;animation&quot;:&quot;fadeIn&quot;}\">\n\t\t\t\t\t\t<div class=\"elementor-container elementor-column-gap-default\">\n\t\t\t\t\t<div class=\"elementor-column elementor-col-100 elementor-top-column elementor-element elementor-element-9fbfc3a\" data-id=\"9fbfc3a\" data-element_type=\"column\" data-e-type=\"column\">\n\t\t\t<div class=\"elementor-widget-wrap elementor-element-populated\">\n\t\t\t\t\t\t<div class=\"elementor-element elementor-element-7165441 elementor-grid-3 elementor-grid-tablet-2 elementor-grid-mobile-1 elementor-posts--thumbnail-top elementor-card-shadow-yes elementor-posts__hover-gradient load-more-align-center elementor-invisible elementor-widget elementor-widget-posts\" data-id=\"7165441\" data-element_type=\"widget\" data-e-type=\"widget\" data-settings=\"{&quot;pagination_type&quot;:&quot;load_more_on_click&quot;,&quot;_animation&quot;:&quot;fadeInUp&quot;,&quot;cards_columns&quot;:&quot;3&quot;,&quot;cards_columns_tablet&quot;:&quot;2&quot;,&quot;cards_columns_mobile&quot;:&quot;1&quot;,&quot;cards_row_gap&quot;:{&quot;unit&quot;:&quot;px&quot;,&quot;size&quot;:35,&quot;sizes&quot;:[]},&quot;cards_row_gap_tablet&quot;:{&quot;unit&quot;:&quot;px&quot;,&quot;size&quot;:&quot;&quot;,&quot;sizes&quot;:[]},&quot;cards_row_gap_mobile&quot;:{&quot;unit&quot;:&quot;px&quot;,&quot;size&quot;:&quot;&quot;,&quot;sizes&quot;:[]},&quot;load_more_spinner&quot;:{&quot;value&quot;:&quot;fas fa-spinner&quot;,&quot;library&quot;:&quot;fa-solid&quot;}}\" data-widget_type=\"posts.cards\">\n\t\t\t\t<div class=\"elementor-widget-container\">\n\t\t\t\t\t\t\t<div class=\"elementor-posts-container elementor-posts elementor-posts--skin-cards elementor-grid\" role=\"list\">\n\t\t\t\t<article class=\"elementor-post elementor-grid-item post-33056 post type-post status-publish format-standard has-post-thumbnail hentry category-non-classifiee\" role=\"listitem\">\n\t\t\t<div class=\"elementor-post__card\">\n\t\t\t\t<a class=\"elementor-post__thumbnail__link\" href=\"https:\/\/clement-technique-sa.ch\/fr\/reparation-carrosseire-sur-ambulance\/\" tabindex=\"-1\" ><div class=\"elementor-post__thumbnail\"><img fetchpriority=\"high\" decoding=\"async\" width=\"1920\" height=\"2560\" src=\"https:\/\/clement-technique-sa.ch\/wp-content\/uploads\/2022\/10\/2-scaled.jpg\" class=\"attachment-full size-full wp-image-33014\" alt=\"\" srcset=\"https:\/\/clement-technique-sa.ch\/wp-content\/uploads\/2022\/10\/2-scaled.jpg 1920w, https:\/\/clement-technique-sa.ch\/wp-content\/uploads\/2022\/10\/2-scaled-800x1067.jpg 800w, https:\/\/clement-technique-sa.ch\/wp-content\/uploads\/2022\/10\/2-225x300.jpg 225w, https:\/\/clement-technique-sa.ch\/wp-content\/uploads\/2022\/10\/2-768x1024.jpg 768w, https:\/\/clement-technique-sa.ch\/wp-content\/uploads\/2022\/10\/2-1152x1536.jpg 1152w, https:\/\/clement-technique-sa.ch\/wp-content\/uploads\/2022\/10\/2-1536x2048.jpg 1536w\" sizes=\"(max-width: 1920px) 100vw, 1920px\" \/><\/div><\/a>\n\t\t\t\t<div class=\"elementor-post__text\">\n\t\t\t\t<h3 class=\"elementor-post__title\">\n\t\t\t<a href=\"https:\/\/clement-technique-sa.ch\/fr\/reparation-carrosseire-sur-ambulance\/\" >\n\t\t\t\tR\u00e9paration carrosseire sur ambulance\t\t\t<\/a>\n\t\t<\/h3>\n\t\t\t\t<div class=\"elementor-post__excerpt\">\n\t\t\t<p>Ce v\u00e9hicule a \u00e9t\u00e9 accident\u00e9 \u00e0 l&#8217;avant gauche. Nous avons remplac\u00e9 le profil complet du caisson et r\u00e9par\u00e9 les d\u00e9g\u00e2ts de carrosserie de la cabine.<\/p>\n\t\t<\/div>\n\t\t\t\t<\/div>\n\t\t\t\t<div class=\"elementor-post__meta-data\">\n\t\t\t\t\t<span class=\"elementor-post-date\">\n\t\t\t11 octobre 2022\t\t<\/span>\n\t\t\t\t<\/div>\n\t\t\t\t\t<\/div>\n\t\t<\/article>\n\t\t\t\t<article class=\"elementor-post elementor-grid-item post-33009 post type-post status-publish format-standard has-post-thumbnail hentry category-non-classifiee\" role=\"listitem\">\n\t\t\t<div class=\"elementor-post__card\">\n\t\t\t\t<a class=\"elementor-post__thumbnail__link\" href=\"https:\/\/clement-technique-sa.ch\/fr\/rampe-de-feux-bleus-smur\/\" tabindex=\"-1\" ><div class=\"elementor-post__thumbnail\"><img decoding=\"async\" width=\"2560\" height=\"1920\" src=\"https:\/\/clement-technique-sa.ch\/wp-content\/uploads\/2022\/10\/IMG_0016-1-scaled.jpg\" class=\"attachment-full size-full wp-image-32996\" alt=\"\" srcset=\"https:\/\/clement-technique-sa.ch\/wp-content\/uploads\/2022\/10\/IMG_0016-1-scaled.jpg 2560w, https:\/\/clement-technique-sa.ch\/wp-content\/uploads\/2022\/10\/IMG_0016-1-scaled-800x600.jpg 800w, https:\/\/clement-technique-sa.ch\/wp-content\/uploads\/2022\/10\/IMG_0016-1-300x225.jpg 300w, https:\/\/clement-technique-sa.ch\/wp-content\/uploads\/2022\/10\/IMG_0016-1-1024x768.jpg 1024w, https:\/\/clement-technique-sa.ch\/wp-content\/uploads\/2022\/10\/IMG_0016-1-768x576.jpg 768w, https:\/\/clement-technique-sa.ch\/wp-content\/uploads\/2022\/10\/IMG_0016-1-1536x1152.jpg 1536w, https:\/\/clement-technique-sa.ch\/wp-content\/uploads\/2022\/10\/IMG_0016-1-2048x1536.jpg 2048w\" sizes=\"(max-width: 2560px) 100vw, 2560px\" \/><\/div><\/a>\n\t\t\t\t<div class=\"elementor-post__text\">\n\t\t\t\t<h3 class=\"elementor-post__title\">\n\t\t\t<a href=\"https:\/\/clement-technique-sa.ch\/fr\/rampe-de-feux-bleus-smur\/\" >\n\t\t\t\tRampe de feux bleus SMUR\t\t\t<\/a>\n\t\t<\/h3>\n\t\t\t\t<div class=\"elementor-post__excerpt\">\n\t\t\t<p>Ce v\u00e9hicule a \u00e9t\u00e9 \u00e9quip\u00e9 d&#8217;une nouvelle rampe de feux bleus.<\/p>\n\t\t<\/div>\n\t\t\t\t<\/div>\n\t\t\t\t<div class=\"elementor-post__meta-data\">\n\t\t\t\t\t<span class=\"elementor-post-date\">\n\t\t\t11 octobre 2022\t\t<\/span>\n\t\t\t\t<\/div>\n\t\t\t\t\t<\/div>\n\t\t<\/article>\n\t\t\t\t<article class=\"elementor-post elementor-grid-item post-32979 post type-post status-publish format-standard has-post-thumbnail hentry category-non-classifiee\" role=\"listitem\">\n\t\t\t<div class=\"elementor-post__card\">\n\t\t\t\t<a class=\"elementor-post__thumbnail__link\" href=\"https:\/\/clement-technique-sa.ch\/fr\/tiroir-vw-caddy-radar\/\" tabindex=\"-1\" ><div class=\"elementor-post__thumbnail\"><img decoding=\"async\" width=\"1920\" height=\"2560\" src=\"https:\/\/clement-technique-sa.ch\/wp-content\/uploads\/2022\/10\/IMG_0001-scaled.jpg\" class=\"attachment-full size-full wp-image-32962\" alt=\"\" srcset=\"https:\/\/clement-technique-sa.ch\/wp-content\/uploads\/2022\/10\/IMG_0001-scaled.jpg 1920w, https:\/\/clement-technique-sa.ch\/wp-content\/uploads\/2022\/10\/IMG_0001-scaled-800x1067.jpg 800w, https:\/\/clement-technique-sa.ch\/wp-content\/uploads\/2022\/10\/IMG_0001-225x300.jpg 225w, https:\/\/clement-technique-sa.ch\/wp-content\/uploads\/2022\/10\/IMG_0001-768x1024.jpg 768w, https:\/\/clement-technique-sa.ch\/wp-content\/uploads\/2022\/10\/IMG_0001-1152x1536.jpg 1152w, https:\/\/clement-technique-sa.ch\/wp-content\/uploads\/2022\/10\/IMG_0001-1536x2048.jpg 1536w\" sizes=\"(max-width: 1920px) 100vw, 1920px\" \/><\/div><\/a>\n\t\t\t\t<div class=\"elementor-post__text\">\n\t\t\t\t<h3 class=\"elementor-post__title\">\n\t\t\t<a href=\"https:\/\/clement-technique-sa.ch\/fr\/tiroir-vw-caddy-radar\/\" >\n\t\t\t\tTiroir VW Caddy radar\t\t\t<\/a>\n\t\t<\/h3>\n\t\t\t\t<div class=\"elementor-post__excerpt\">\n\t\t\t<p>La police locale a renouvel\u00e9 leur syst\u00e8me de radar et avec \u00e7a, l&#8217;ancien tiroir n&#8217;\u00e9tait plus compatible. Nous avons adapt\u00e9 le nouveau syst\u00e8me sur l&#8217;ancien<\/p>\n\t\t<\/div>\n\t\t\t\t<\/div>\n\t\t\t\t<div class=\"elementor-post__meta-data\">\n\t\t\t\t\t<span class=\"elementor-post-date\">\n\t\t\t11 octobre 2022\t\t<\/span>\n\t\t\t\t<\/div>\n\t\t\t\t\t<\/div>\n\t\t<\/article>\n\t\t\t\t<article class=\"elementor-post elementor-grid-item post-32959 post type-post status-publish format-standard has-post-thumbnail hentry category-non-classifiee\" role=\"listitem\">\n\t\t\t<div class=\"elementor-post__card\">\n\t\t\t\t<a class=\"elementor-post__thumbnail__link\" href=\"https:\/\/clement-technique-sa.ch\/fr\/sieges-additionnels-toyota-proace\/\" tabindex=\"-1\" ><div class=\"elementor-post__thumbnail\"><img loading=\"lazy\" decoding=\"async\" width=\"1920\" height=\"2560\" src=\"https:\/\/clement-technique-sa.ch\/wp-content\/uploads\/2022\/10\/IMG_0023-scaled.jpg\" class=\"attachment-full size-full wp-image-32957\" alt=\"\" srcset=\"https:\/\/clement-technique-sa.ch\/wp-content\/uploads\/2022\/10\/IMG_0023-scaled.jpg 1920w, https:\/\/clement-technique-sa.ch\/wp-content\/uploads\/2022\/10\/IMG_0023-scaled-800x1067.jpg 800w, https:\/\/clement-technique-sa.ch\/wp-content\/uploads\/2022\/10\/IMG_0023-225x300.jpg 225w, https:\/\/clement-technique-sa.ch\/wp-content\/uploads\/2022\/10\/IMG_0023-768x1024.jpg 768w, https:\/\/clement-technique-sa.ch\/wp-content\/uploads\/2022\/10\/IMG_0023-1152x1536.jpg 1152w, https:\/\/clement-technique-sa.ch\/wp-content\/uploads\/2022\/10\/IMG_0023-1536x2048.jpg 1536w\" sizes=\"(max-width: 1920px) 100vw, 1920px\" \/><\/div><\/a>\n\t\t\t\t<div class=\"elementor-post__text\">\n\t\t\t\t<h3 class=\"elementor-post__title\">\n\t\t\t<a href=\"https:\/\/clement-technique-sa.ch\/fr\/sieges-additionnels-toyota-proace\/\" >\n\t\t\t\tSi\u00e8ges additionnels Toyota Proace\t\t\t<\/a>\n\t\t<\/h3>\n\t\t\t\t<div class=\"elementor-post__excerpt\">\n\t\t\t<p>Ce v\u00e9hicule a \u00e9t\u00e9 passer de 3 places, \u00e0 5 places. Nous avons rajout\u00e9 2 places homologu\u00e9es \u00e0 l&#8217;arri\u00e8re du v\u00e9hicule.<\/p>\n\t\t<\/div>\n\t\t\t\t<\/div>\n\t\t\t\t<div class=\"elementor-post__meta-data\">\n\t\t\t\t\t<span class=\"elementor-post-date\">\n\t\t\t11 octobre 2022\t\t<\/span>\n\t\t\t\t<\/div>\n\t\t\t\t\t<\/div>\n\t\t<\/article>\n\t\t\t\t<article class=\"elementor-post elementor-grid-item post-32943 post type-post status-publish format-standard has-post-thumbnail hentry category-non-classifiee\" role=\"listitem\">\n\t\t\t<div class=\"elementor-post__card\">\n\t\t\t\t<a class=\"elementor-post__thumbnail__link\" href=\"https:\/\/clement-technique-sa.ch\/fr\/mercedes-sprinter-montage-convertisseur\/\" tabindex=\"-1\" ><div class=\"elementor-post__thumbnail\"><img loading=\"lazy\" decoding=\"async\" width=\"2560\" height=\"1920\" src=\"https:\/\/clement-technique-sa.ch\/wp-content\/uploads\/2022\/09\/IMG_0001-scaled.jpg\" class=\"attachment-full size-full wp-image-32933\" alt=\"\" srcset=\"https:\/\/clement-technique-sa.ch\/wp-content\/uploads\/2022\/09\/IMG_0001-scaled.jpg 2560w, https:\/\/clement-technique-sa.ch\/wp-content\/uploads\/2022\/09\/IMG_0001-scaled-800x600.jpg 800w, https:\/\/clement-technique-sa.ch\/wp-content\/uploads\/2022\/09\/IMG_0001-300x225.jpg 300w, https:\/\/clement-technique-sa.ch\/wp-content\/uploads\/2022\/09\/IMG_0001-1024x768.jpg 1024w, https:\/\/clement-technique-sa.ch\/wp-content\/uploads\/2022\/09\/IMG_0001-768x576.jpg 768w, https:\/\/clement-technique-sa.ch\/wp-content\/uploads\/2022\/09\/IMG_0001-1536x1152.jpg 1536w, https:\/\/clement-technique-sa.ch\/wp-content\/uploads\/2022\/09\/IMG_0001-2048x1536.jpg 2048w\" sizes=\"(max-width: 2560px) 100vw, 2560px\" \/><\/div><\/a>\n\t\t\t\t<div class=\"elementor-post__text\">\n\t\t\t\t<h3 class=\"elementor-post__title\">\n\t\t\t<a href=\"https:\/\/clement-technique-sa.ch\/fr\/mercedes-sprinter-montage-convertisseur\/\" >\n\t\t\t\tMercedes Sprinter montage convertisseur\t\t\t<\/a>\n\t\t<\/h3>\n\t\t\t\t<div class=\"elementor-post__excerpt\">\n\t\t\t<p>Nous avons pos\u00e9 un convertisseur et plusieurs prises dans ce v\u00e9hicule d\u00e9j\u00e0 transform\u00e9.<\/p>\n\t\t<\/div>\n\t\t\t\t<\/div>\n\t\t\t\t<div class=\"elementor-post__meta-data\">\n\t\t\t\t\t<span class=\"elementor-post-date\">\n\t\t\t15 septembre 2022\t\t<\/span>\n\t\t\t\t<\/div>\n\t\t\t\t\t<\/div>\n\t\t<\/article>\n\t\t\t\t<article class=\"elementor-post elementor-grid-item post-32930 post type-post status-publish format-standard has-post-thumbnail hentry category-non-classifiee\" role=\"listitem\">\n\t\t\t<div class=\"elementor-post__card\">\n\t\t\t\t<a class=\"elementor-post__thumbnail__link\" href=\"https:\/\/clement-technique-sa.ch\/fr\/nissan-navara-vehicule-daccompagnement\/\" tabindex=\"-1\" ><div class=\"elementor-post__thumbnail\"><img loading=\"lazy\" decoding=\"async\" width=\"2560\" height=\"1920\" src=\"https:\/\/clement-technique-sa.ch\/wp-content\/uploads\/2022\/09\/IMG_0020-scaled.jpg\" class=\"attachment-full size-full wp-image-32890\" alt=\"\" srcset=\"https:\/\/clement-technique-sa.ch\/wp-content\/uploads\/2022\/09\/IMG_0020-scaled.jpg 2560w, https:\/\/clement-technique-sa.ch\/wp-content\/uploads\/2022\/09\/IMG_0020-scaled-800x600.jpg 800w, https:\/\/clement-technique-sa.ch\/wp-content\/uploads\/2022\/09\/IMG_0020-300x225.jpg 300w, https:\/\/clement-technique-sa.ch\/wp-content\/uploads\/2022\/09\/IMG_0020-1024x768.jpg 1024w, https:\/\/clement-technique-sa.ch\/wp-content\/uploads\/2022\/09\/IMG_0020-768x576.jpg 768w, https:\/\/clement-technique-sa.ch\/wp-content\/uploads\/2022\/09\/IMG_0020-1536x1152.jpg 1536w, https:\/\/clement-technique-sa.ch\/wp-content\/uploads\/2022\/09\/IMG_0020-2048x1536.jpg 2048w\" sizes=\"(max-width: 2560px) 100vw, 2560px\" \/><\/div><\/a>\n\t\t\t\t<div class=\"elementor-post__text\">\n\t\t\t\t<h3 class=\"elementor-post__title\">\n\t\t\t<a href=\"https:\/\/clement-technique-sa.ch\/fr\/nissan-navara-vehicule-daccompagnement\/\" >\n\t\t\t\tNissan Navara v\u00e9hicule d\u2019accompagnement\t\t\t<\/a>\n\t\t<\/h3>\n\t\t\t\t<div class=\"elementor-post__excerpt\">\n\t\t\t<p>Ce Nissan Navara a \u00e9t\u00e9 transform\u00e9 en v\u00e9hicule d\u2019accompagnement pour convois exceptionnels. L\u2019installation compl\u00e8te peut \u00eatre d\u00e9mont\u00e9e gr\u00e2ce au montage sur barres de toit.<\/p>\n\t\t<\/div>\n\t\t\t\t<\/div>\n\t\t\t\t<div class=\"elementor-post__meta-data\">\n\t\t\t\t\t<span class=\"elementor-post-date\">\n\t\t\t15 septembre 2022\t\t<\/span>\n\t\t\t\t<\/div>\n\t\t\t\t\t<\/div>\n\t\t<\/article>\n\t\t\t\t<article class=\"elementor-post elementor-grid-item post-32826 post type-post status-publish format-standard has-post-thumbnail hentry category-non-classifiee\" role=\"listitem\">\n\t\t\t<div class=\"elementor-post__card\">\n\t\t\t\t<a class=\"elementor-post__thumbnail__link\" href=\"https:\/\/clement-technique-sa.ch\/fr\/livraison-dune-ambulance-neuve-2\/\" tabindex=\"-1\" ><div class=\"elementor-post__thumbnail\"><img loading=\"lazy\" decoding=\"async\" width=\"2560\" height=\"1920\" src=\"https:\/\/clement-technique-sa.ch\/wp-content\/uploads\/2022\/06\/IMG_0001-6-scaled.jpg\" class=\"attachment-full size-full wp-image-32776\" alt=\"\" srcset=\"https:\/\/clement-technique-sa.ch\/wp-content\/uploads\/2022\/06\/IMG_0001-6-scaled.jpg 2560w, https:\/\/clement-technique-sa.ch\/wp-content\/uploads\/2022\/06\/IMG_0001-6-scaled-800x600.jpg 800w, https:\/\/clement-technique-sa.ch\/wp-content\/uploads\/2022\/06\/IMG_0001-6-300x225.jpg 300w, https:\/\/clement-technique-sa.ch\/wp-content\/uploads\/2022\/06\/IMG_0001-6-1024x768.jpg 1024w, https:\/\/clement-technique-sa.ch\/wp-content\/uploads\/2022\/06\/IMG_0001-6-768x576.jpg 768w, https:\/\/clement-technique-sa.ch\/wp-content\/uploads\/2022\/06\/IMG_0001-6-1536x1152.jpg 1536w, https:\/\/clement-technique-sa.ch\/wp-content\/uploads\/2022\/06\/IMG_0001-6-2048x1536.jpg 2048w\" sizes=\"(max-width: 2560px) 100vw, 2560px\" \/><\/div><\/a>\n\t\t\t\t<div class=\"elementor-post__text\">\n\t\t\t\t<h3 class=\"elementor-post__title\">\n\t\t\t<a href=\"https:\/\/clement-technique-sa.ch\/fr\/livraison-dune-ambulance-neuve-2\/\" >\n\t\t\t\tLivraison d&#8217;une ambulance neuve\t\t\t<\/a>\n\t\t<\/h3>\n\t\t\t\t<div class=\"elementor-post__excerpt\">\n\t\t\t<p>Ce v\u00e9hicule a \u00e9t\u00e9 livr\u00e9 dans le canton de fribourg.<\/p>\n\t\t<\/div>\n\t\t\t\t<\/div>\n\t\t\t\t<div class=\"elementor-post__meta-data\">\n\t\t\t\t\t<span class=\"elementor-post-date\">\n\t\t\t30 juin 2022\t\t<\/span>\n\t\t\t\t<\/div>\n\t\t\t\t\t<\/div>\n\t\t<\/article>\n\t\t\t\t<article class=\"elementor-post elementor-grid-item post-32742 post type-post status-publish format-standard has-post-thumbnail hentry category-non-classifiee\" role=\"listitem\">\n\t\t\t<div class=\"elementor-post__card\">\n\t\t\t\t<a class=\"elementor-post__thumbnail__link\" href=\"https:\/\/clement-technique-sa.ch\/fr\/reparation-caisson-alu\/\" tabindex=\"-1\" ><div class=\"elementor-post__thumbnail\"><img loading=\"lazy\" decoding=\"async\" width=\"1920\" height=\"2560\" src=\"https:\/\/clement-technique-sa.ch\/wp-content\/uploads\/2022\/06\/IMG_0008-3-scaled.jpg\" class=\"attachment-full size-full wp-image-32736\" alt=\"\" srcset=\"https:\/\/clement-technique-sa.ch\/wp-content\/uploads\/2022\/06\/IMG_0008-3-scaled.jpg 1920w, https:\/\/clement-technique-sa.ch\/wp-content\/uploads\/2022\/06\/IMG_0008-3-scaled-800x1067.jpg 800w, https:\/\/clement-technique-sa.ch\/wp-content\/uploads\/2022\/06\/IMG_0008-3-225x300.jpg 225w, https:\/\/clement-technique-sa.ch\/wp-content\/uploads\/2022\/06\/IMG_0008-3-768x1024.jpg 768w, https:\/\/clement-technique-sa.ch\/wp-content\/uploads\/2022\/06\/IMG_0008-3-1152x1536.jpg 1152w, https:\/\/clement-technique-sa.ch\/wp-content\/uploads\/2022\/06\/IMG_0008-3-1536x2048.jpg 1536w\" sizes=\"(max-width: 1920px) 100vw, 1920px\" \/><\/div><\/a>\n\t\t\t\t<div class=\"elementor-post__text\">\n\t\t\t\t<h3 class=\"elementor-post__title\">\n\t\t\t<a href=\"https:\/\/clement-technique-sa.ch\/fr\/reparation-caisson-alu\/\" >\n\t\t\t\tR\u00e9paration caisson ALU\t\t\t<\/a>\n\t\t<\/h3>\n\t\t\t\t<div class=\"elementor-post__excerpt\">\n\t\t\t<p>Nous avons extrait la partie endommag\u00e9e du profil pour le remplacer par un neuf. La partie enfonc\u00e9e a \u00e9t\u00e9 d\u00e9bossel\u00e9e avant le remontage du nouveau<\/p>\n\t\t<\/div>\n\t\t\t\t<\/div>\n\t\t\t\t<div class=\"elementor-post__meta-data\">\n\t\t\t\t\t<span class=\"elementor-post-date\">\n\t\t\t21 juin 2022\t\t<\/span>\n\t\t\t\t<\/div>\n\t\t\t\t\t<\/div>\n\t\t<\/article>\n\t\t\t\t<article class=\"elementor-post elementor-grid-item post-32728 post type-post status-publish format-standard has-post-thumbnail hentry category-non-classifiee\" role=\"listitem\">\n\t\t\t<div class=\"elementor-post__card\">\n\t\t\t\t<a class=\"elementor-post__thumbnail__link\" href=\"https:\/\/clement-technique-sa.ch\/fr\/livraison-dune-ambulance-neuve\/\" tabindex=\"-1\" ><div class=\"elementor-post__thumbnail\"><img loading=\"lazy\" decoding=\"async\" width=\"2560\" height=\"1920\" src=\"https:\/\/clement-technique-sa.ch\/wp-content\/uploads\/2022\/06\/IMG_0015-2-scaled.jpg\" class=\"attachment-full size-full wp-image-32720\" alt=\"\" srcset=\"https:\/\/clement-technique-sa.ch\/wp-content\/uploads\/2022\/06\/IMG_0015-2-scaled.jpg 2560w, https:\/\/clement-technique-sa.ch\/wp-content\/uploads\/2022\/06\/IMG_0015-2-scaled-800x600.jpg 800w, https:\/\/clement-technique-sa.ch\/wp-content\/uploads\/2022\/06\/IMG_0015-2-300x225.jpg 300w, https:\/\/clement-technique-sa.ch\/wp-content\/uploads\/2022\/06\/IMG_0015-2-1024x768.jpg 1024w, https:\/\/clement-technique-sa.ch\/wp-content\/uploads\/2022\/06\/IMG_0015-2-768x576.jpg 768w, https:\/\/clement-technique-sa.ch\/wp-content\/uploads\/2022\/06\/IMG_0015-2-1536x1152.jpg 1536w, https:\/\/clement-technique-sa.ch\/wp-content\/uploads\/2022\/06\/IMG_0015-2-2048x1536.jpg 2048w\" sizes=\"(max-width: 2560px) 100vw, 2560px\" \/><\/div><\/a>\n\t\t\t\t<div class=\"elementor-post__text\">\n\t\t\t\t<h3 class=\"elementor-post__title\">\n\t\t\t<a href=\"https:\/\/clement-technique-sa.ch\/fr\/livraison-dune-ambulance-neuve\/\" >\n\t\t\t\tLivraison d&#8217;une ambulance neuve\t\t\t<\/a>\n\t\t<\/h3>\n\t\t\t\t<div class=\"elementor-post__excerpt\">\n\t\t\t<p>Ce v\u00e9hicule a \u00e9t\u00e9 livr\u00e9 dans le canton de fribourg.<\/p>\n\t\t<\/div>\n\t\t\t\t<\/div>\n\t\t\t\t<div class=\"elementor-post__meta-data\">\n\t\t\t\t\t<span class=\"elementor-post-date\">\n\t\t\t21 juin 2022\t\t<\/span>\n\t\t\t\t<\/div>\n\t\t\t\t\t<\/div>\n\t\t<\/article>\n\t\t\t\t<\/div>\n\t\t\t\t\t<span class=\"e-load-more-spinner\">\n\t\t\t\t<i aria-hidden=\"true\" class=\"fas fa-spinner\"><\/i>\t\t\t<\/span>\n\t\t\n\t\t\t\t<div class=\"e-load-more-anchor\" data-page=\"1\" data-max-page=\"21\" data-next-page=\"https:\/\/clement-technique-sa.ch\/fr\/wp-json\/wp\/v2\/pages\/30834\/page\/2\/\"><\/div>\n\t\t\t\t<div class=\"elementor-button-wrapper\">\n\t\t\t<a class=\"elementor-button elementor-size-sm\" role=\"button\">\n\t\t\t\t\t\t<span class=\"elementor-button-content-wrapper\">\n\t\t\t\t\t\t\t\t\t<span class=\"elementor-button-text\">Voir plus<\/span>\n\t\t\t\t\t<\/span>\n\t\t\t\t\t<\/a>\n\t\t<\/div>\n\t\t\t\t<div class=\"e-load-more-message\"><\/div>\n\t\t\t\t\t\t<\/div>\n\t\t\t\t<\/div>\n\t\t\t\t\t<\/div>\n\t\t<\/div>\n\t\t\t\t\t<\/div>\n\t\t<\/section>\n\t\t\t\t<\/div>\n\t\t","protected":false},"excerpt":{"rendered":"<p>Derni\u00e8res livraisons<\/p>\n","protected":false},"author":1,"featured_media":0,"parent":0,"menu_order":0,"comment_status":"closed","ping_status":"closed","template":"elementor_header_footer","meta":{"footnotes":""},"class_list":["post-30834","page","type-page","status-publish","hentry"],"_links":{"self":[{"href":"https:\/\/clement-technique-sa.ch\/fr\/wp-json\/wp\/v2\/pages\/30834","targetHints":{"allow":["GET"]}}],"collection":[{"href":"https:\/\/clement-technique-sa.ch\/fr\/wp-json\/wp\/v2\/pages"}],"about":[{"href":"https:\/\/clement-technique-sa.ch\/fr\/wp-json\/wp\/v2\/types\/page"}],"author":[{"embeddable":true,"href":"https:\/\/clement-technique-sa.ch\/fr\/wp-json\/wp\/v2\/users\/1"}],"replies":[{"embeddable":true,"href":"https:\/\/clement-technique-sa.ch\/fr\/wp-json\/wp\/v2\/comments?post=30834"}],"version-history":[{"count":0,"href":"https:\/\/clement-technique-sa.ch\/fr\/wp-json\/wp\/v2\/pages\/30834\/revisions"}],"wp:attachment":[{"href":"https:\/\/clement-technique-sa.ch\/fr\/wp-json\/wp\/v2\/media?parent=30834"}],"curies":[{"name":"wp","href":"https:\/\/api.w.org\/{rel}","templated":true}]}}